{"id":77,"date":"2022-08-29T10:06:25","date_gmt":"2022-08-29T08:06:25","guid":{"rendered":"https:\/\/www.cote-tuyaux.com\/?page_id=77"},"modified":"2024-04-16T19:29:06","modified_gmt":"2024-04-16T17:29:06","slug":"notre-entreprise","status":"publish","type":"page","link":"https:\/\/www.cote-tuyaux.com\/?page_id=77","title":{"rendered":"Notre entreprise"},"content":{"rendered":"\n<figure class=\"wp-block-image size-large has-custom-border\"><img loading=\"lazy\" decoding=\"async\" width=\"1024\" height=\"673\" src=\"https:\/\/www.cote-tuyaux.com\/wp-content\/uploads\/2022\/08\/batiment-1-1024x673.jpg\" alt=\"\" class=\"wp-image-8\" style=\"border-radius:50px\" srcset=\"https:\/\/www.cote-tuyaux.com\/wp-content\/uploads\/2022\/08\/batiment-1-1024x673.jpg 1024w, https:\/\/www.cote-tuyaux.com\/wp-content\/uploads\/2022\/08\/batiment-1-300x197.jpg 300w, https:\/\/www.cote-tuyaux.com\/wp-content\/uploads\/2022\/08\/batiment-1-768x505.jpg 768w, https:\/\/www.cote-tuyaux.com\/wp-content\/uploads\/2022\/08\/batiment-1-1536x1010.jpg 1536w, https:\/\/www.cote-tuyaux.com\/wp-content\/uploads\/2022\/08\/batiment-1-2048x1347.jpg 2048w\" sizes=\"auto, (max-width: 1024px) 100vw, 1024px\" \/><\/figure>\n\n\n\n<h2 class=\"wp-block-heading has-x-large-font-size\" style=\"font-style:italic;font-weight:400\">Moyens humains <\/h2>\n\n\n\n<p style=\"font-style:italic;font-weight:300;line-height:2\">Nous sommes une entreprise \u00e0 taille humaine, compos\u00e9e de quatre installateurs et d&rsquo;une secr\u00e9taire \u00e0 temps partiel.<\/p>\n\n\n\n<h2 class=\"wp-block-heading has-x-large-font-size\" style=\"font-style:italic;font-weight:400\">Moyens mat\u00e9riels <\/h2>\n\n\n\n<p style=\"font-style:italic;font-weight:300\">Nous disposons d&rsquo;un local d&rsquo;exploitation et de trois v\u00e9hicules utilitaires \u00e9quip\u00e9s avec l&rsquo;outillage ad\u00e9quat.<\/p>\n\n\n\n<h2 class=\"wp-block-heading has-x-large-font-size\" style=\"font-style:italic;font-weight:400\">Nos qualifications <\/h2>\n\n\n\n<p style=\"font-style:italic;font-weight:300\">Nous sommes titulaires : <\/p>\n\n\n\n<ul class=\"wp-block-list\" style=\"font-style:italic;font-weight:300\">\n<li>du titre de PG (professionnel du gaz) depuis 2013 permettant la r\u00e9alisation des certificats de conformit\u00e9 type Qualigaz ou autre; <\/li>\n<\/ul>\n\n\n\n<ul class=\"wp-block-list\" style=\"font-style:italic;font-weight:300\">\n<li>de la qualification Qualibat 5211 mention RGE depuis 2015 (remplacement de chaudi\u00e8re Gaz \/ Fuel en logement individuel Mention RGE);<\/li>\n<\/ul>\n\n\n\n<ul class=\"wp-block-list\" style=\"font-style:italic;font-weight:300\">\n<li>de la qualification QualiPac-RGE depuis 2017;<\/li>\n<\/ul>\n\n\n\n<ul class=\"wp-block-list\" style=\"font-style:italic;font-weight:300\">\n<li>de l&rsquo;Attestation de Capacit\u00e9 de cat\u00e9gorie 1 : contr\u00f4le d&rsquo;\u00e9tanch\u00e9it\u00e9, maintenance entretien, assemblage mise en service, r\u00e9cup\u00e9ration des fluides de tous les \u00e9quipements de r\u00e9frig\u00e9ration, de climatisation et de pompe \u00e0 chaleur, depuis 2019;<\/li>\n<\/ul>\n\n\n\n<ul class=\"wp-block-list\" style=\"font-style:italic;font-weight:300\">\n<li>d&rsquo;une attestation de r\u00e9ussite \u00e0 la mention PAC Hybride de l&rsquo;association Professionnel du Gaz depuis 2022;<\/li>\n<\/ul>\n\n\n\n<ul class=\"wp-block-list\" style=\"font-style:italic;font-weight:300\">\n<li>d&rsquo;une qualification QualiPV-RGE depuis 2022.<\/li>\n<\/ul>\n\n\n<nav class=\"is-responsive items-justified-center alignwide wp-block-navigation is-content-justification-center is-layout-flex wp-container-core-navigation-is-layout-64ede673 wp-block-navigation-is-layout-flex\" aria-label=\"Navigation En-t\u00eate 3\" \n\t\t data-wp-interactive=\"core\/navigation\" data-wp-context='{\"overlayOpenedBy\":{\"click\":false,\"hover\":false,\"focus\":false},\"type\":\"overlay\",\"roleAttribute\":\"\",\"ariaLabel\":\"Menu\"}'><button aria-haspopup=\"dialog\" aria-label=\"Ouvrir le menu\" class=\"wp-block-navigation__responsive-container-open\" \n\t\t\t\tdata-wp-on--click=\"actions.openMenuOnClick\"\n\t\t\t\tdata-wp-on--keydown=\"actions.handleMenuKeydown\"\n\t\t\t><svg width=\"24\" height=\"24\" xmlns=\"http:\/\/www.w3.org\/2000\/svg\" viewBox=\"0 0 24 24\" aria-hidden=\"true\" focusable=\"false\"><path d=\"M4 7.5h16v1.5H4z\"><\/path><path d=\"M4 15h16v1.5H4z\"><\/path><\/svg><\/button>\n\t\t\t\t<div class=\"wp-block-navigation__responsive-container\"  id=\"modal-1\" \n\t\t\t\tdata-wp-class--has-modal-open=\"state.isMenuOpen\"\n\t\t\t\tdata-wp-class--is-menu-open=\"state.isMenuOpen\"\n\t\t\t\tdata-wp-watch=\"callbacks.initMenu\"\n\t\t\t\tdata-wp-on--keydown=\"actions.handleMenuKeydown\"\n\t\t\t\tdata-wp-on--focusout=\"actions.handleMenuFocusout\"\n\t\t\t\ttabindex=\"-1\"\n\t\t\t>\n\t\t\t\t\t<div class=\"wp-block-navigation__responsive-close\" tabindex=\"-1\">\n\t\t\t\t\t\t<div class=\"wp-block-navigation__responsive-dialog\" \n\t\t\t\tdata-wp-bind--aria-modal=\"state.ariaModal\"\n\t\t\t\tdata-wp-bind--aria-label=\"state.ariaLabel\"\n\t\t\t\tdata-wp-bind--role=\"state.roleAttribute\"\n\t\t\t>\n\t\t\t\t\t\t\t<button aria-label=\"Fermer le menu\" class=\"wp-block-navigation__responsive-container-close\" \n\t\t\t\tdata-wp-on--click=\"actions.closeMenuOnClick\"\n\t\t\t><svg xmlns=\"http:\/\/www.w3.org\/2000\/svg\" viewBox=\"0 0 24 24\" width=\"24\" height=\"24\" aria-hidden=\"true\" focusable=\"false\"><path d=\"m13.06 12 6.47-6.47-1.06-1.06L12 10.94 5.53 4.47 4.47 5.53 10.94 12l-6.47 6.47 1.06 1.06L12 13.06l6.47 6.47 1.06-1.06L13.06 12Z\"><\/path><\/svg><\/button>\n\t\t\t\t\t\t\t<div class=\"wp-block-navigation__responsive-container-content\" \n\t\t\t\tdata-wp-watch=\"callbacks.focusFirstElement\"\n\t\t\t id=\"modal-1-content\">\n\t\t\t\t\t\t\t\t<ul class=\"wp-block-navigation__container is-responsive items-justified-center alignwide wp-block-navigation\"><li class=\" wp-block-navigation-item wp-block-navigation-link\"><a class=\"wp-block-navigation-item__content\"  href=\"https:\/\/www.cote-tuyaux.com\/?page_id=77\"><span class=\"wp-block-navigation-item__label\">Notre entreprise<\/span><\/a><\/li><li class=\" wp-block-navigation-item wp-block-navigation-link\"><a class=\"wp-block-navigation-item__content\"  href=\"https:\/\/www.cote-tuyaux.com\/?page_id=120\"><span class=\"wp-block-navigation-item__label\">Le chauffage<\/span><\/a><\/li><li class=\" wp-block-navigation-item wp-block-navigation-link\"><a class=\"wp-block-navigation-item__content\"  href=\"https:\/\/www.cote-tuyaux.com\/?page_id=127\"><span class=\"wp-block-navigation-item__label\">La climatisation<\/span><\/a><\/li><li class=\" wp-block-navigation-item wp-block-navigation-link\"><a class=\"wp-block-navigation-item__content\"  href=\"https:\/\/www.cote-tuyaux.com\/?page_id=128\"><span class=\"wp-block-navigation-item__label\">Le photovolta\u00efque<\/span><\/a><\/li><li class=\" wp-block-navigation-item wp-block-navigation-link\"><a class=\"wp-block-navigation-item__content\"  href=\"https:\/\/www.cote-tuyaux.com\/?page_id=129\"><span class=\"wp-block-navigation-item__label\">La salle de bains<\/span><\/a><\/li><\/ul>\n\t\t\t\t\t\t\t<\/div>\n\t\t\t\t\t\t<\/div>\n\t\t\t\t\t<\/div>\n\t\t\t\t<\/div><\/nav>\n\n\n<p><\/p>\n\n\n\n<p><\/p>\n\n\n\n<p><\/p>\n","protected":false},"excerpt":{"rendered":"<p>Moyens humains Nous sommes une entreprise \u00e0 taille humaine, compos\u00e9e de quatre installateurs et d&rsquo;une secr\u00e9taire \u00e0 temps partiel. Moyens mat\u00e9riels Nous disposons d&rsquo;un local d&rsquo;exploitation et de trois v\u00e9hicules utilitaires \u00e9quip\u00e9s avec l&rsquo;outillage ad\u00e9quat. Nos qualifications Nous sommes titulaires :<\/p>\n","protected":false},"author":1,"featured_media":0,"parent":0,"menu_order":0,"comment_status":"closed","ping_status":"closed","template":"page-no-separators","meta":{"footnotes":""},"class_list":["post-77","page","type-page","status-publish","hentry"],"yoast_head":"<!-- This site is optimized with the Yoast SEO plugin v20.2.1 - https:\/\/yoast.com\/wordpress\/plugins\/seo\/ -->\n<title>Notre entreprise - l&#039;artisan de votre confort<\/title>\n<meta name=\"robots\" content=\"index, follow, max-snippet:-1, max-image-preview:large, max-video-preview:-1\" \/>\n<link rel=\"canonical\" href=\"https:\/\/www.cote-tuyaux.com\/?page_id=77\" \/>\n<meta property=\"og:locale\" content=\"fr_FR\" \/>\n<meta property=\"og:type\" content=\"article\" \/>\n<meta property=\"og:title\" content=\"Notre entreprise - l&#039;artisan de votre confort\" \/>\n<meta property=\"og:description\" content=\"Moyens humains Nous sommes une entreprise \u00e0 taille humaine, compos\u00e9e de quatre installateurs et d&rsquo;une secr\u00e9taire \u00e0 temps partiel. Moyens mat\u00e9riels Nous disposons d&rsquo;un local d&rsquo;exploitation et de trois v\u00e9hicules utilitaires \u00e9quip\u00e9s avec l&rsquo;outillage ad\u00e9quat. Nos qualifications Nous sommes titulaires :\" \/>\n<meta property=\"og:url\" content=\"https:\/\/www.cote-tuyaux.com\/?page_id=77\" \/>\n<meta property=\"og:site_name\" content=\"l&#039;artisan de votre confort\" \/>\n<meta property=\"article:modified_time\" content=\"2024-04-16T17:29:06+00:00\" \/>\n<meta property=\"og:image\" content=\"https:\/\/www.cote-tuyaux.com\/wp-content\/uploads\/2022\/08\/batiment-1-1024x673.jpg\" \/>\n<meta name=\"twitter:card\" content=\"summary_large_image\" \/>\n<meta name=\"twitter:label1\" content=\"Dur\u00e9e de lecture estim\u00e9e\" \/>\n\t<meta name=\"twitter:data1\" content=\"1 minute\" \/>\n<script type=\"application\/ld+json\" class=\"yoast-schema-graph\">{\"@context\":\"https:\/\/schema.org\",\"@graph\":[{\"@type\":\"WebPage\",\"@id\":\"https:\/\/www.cote-tuyaux.com\/?page_id=77\",\"url\":\"https:\/\/www.cote-tuyaux.com\/?page_id=77\",\"name\":\"Notre entreprise - l&#039;artisan de votre confort\",\"isPartOf\":{\"@id\":\"https:\/\/www.cote-tuyaux.com\/#website\"},\"datePublished\":\"2022-08-29T08:06:25+00:00\",\"dateModified\":\"2024-04-16T17:29:06+00:00\",\"breadcrumb\":{\"@id\":\"https:\/\/www.cote-tuyaux.com\/?page_id=77#breadcrumb\"},\"inLanguage\":\"fr-FR\",\"potentialAction\":[{\"@type\":\"ReadAction\",\"target\":[\"https:\/\/www.cote-tuyaux.com\/?page_id=77\"]}]},{\"@type\":\"BreadcrumbList\",\"@id\":\"https:\/\/www.cote-tuyaux.com\/?page_id=77#breadcrumb\",\"itemListElement\":[{\"@type\":\"ListItem\",\"position\":1,\"name\":\"Accueil\",\"item\":\"https:\/\/www.cote-tuyaux.com\/\"},{\"@type\":\"ListItem\",\"position\":2,\"name\":\"Notre entreprise\"}]},{\"@type\":\"WebSite\",\"@id\":\"https:\/\/www.cote-tuyaux.com\/#website\",\"url\":\"https:\/\/www.cote-tuyaux.com\/\",\"name\":\"C\u00f4t\u00e9 Tuyaux\",\"description\":\"Un site utilisant WordPress\",\"potentialAction\":[{\"@type\":\"SearchAction\",\"target\":{\"@type\":\"EntryPoint\",\"urlTemplate\":\"https:\/\/www.cote-tuyaux.com\/?s={search_term_string}\"},\"query-input\":\"required name=search_term_string\"}],\"inLanguage\":\"fr-FR\"}]}<\/script>\n<!-- \/ Yoast SEO plugin. -->","yoast_head_json":{"title":"Notre entreprise - l&#039;artisan de votre confort","robots":{"index":"index","follow":"follow","max-snippet":"max-snippet:-1","max-image-preview":"max-image-preview:large","max-video-preview":"max-video-preview:-1"},"canonical":"https:\/\/www.cote-tuyaux.com\/?page_id=77","og_locale":"fr_FR","og_type":"article","og_title":"Notre entreprise - l&#039;artisan de votre confort","og_description":"Moyens humains Nous sommes une entreprise \u00e0 taille humaine, compos\u00e9e de quatre installateurs et d&rsquo;une secr\u00e9taire \u00e0 temps partiel. Moyens mat\u00e9riels Nous disposons d&rsquo;un local d&rsquo;exploitation et de trois v\u00e9hicules utilitaires \u00e9quip\u00e9s avec l&rsquo;outillage ad\u00e9quat. Nos qualifications Nous sommes titulaires :","og_url":"https:\/\/www.cote-tuyaux.com\/?page_id=77","og_site_name":"l&#039;artisan de votre confort","article_modified_time":"2024-04-16T17:29:06+00:00","og_image":[{"url":"https:\/\/www.cote-tuyaux.com\/wp-content\/uploads\/2022\/08\/batiment-1-1024x673.jpg"}],"twitter_card":"summary_large_image","twitter_misc":{"Dur\u00e9e de lecture estim\u00e9e":"1 minute"},"schema":{"@context":"https:\/\/schema.org","@graph":[{"@type":"WebPage","@id":"https:\/\/www.cote-tuyaux.com\/?page_id=77","url":"https:\/\/www.cote-tuyaux.com\/?page_id=77","name":"Notre entreprise - l&#039;artisan de votre confort","isPartOf":{"@id":"https:\/\/www.cote-tuyaux.com\/#website"},"datePublished":"2022-08-29T08:06:25+00:00","dateModified":"2024-04-16T17:29:06+00:00","breadcrumb":{"@id":"https:\/\/www.cote-tuyaux.com\/?page_id=77#breadcrumb"},"inLanguage":"fr-FR","potentialAction":[{"@type":"ReadAction","target":["https:\/\/www.cote-tuyaux.com\/?page_id=77"]}]},{"@type":"BreadcrumbList","@id":"https:\/\/www.cote-tuyaux.com\/?page_id=77#breadcrumb","itemListElement":[{"@type":"ListItem","position":1,"name":"Accueil","item":"https:\/\/www.cote-tuyaux.com\/"},{"@type":"ListItem","position":2,"name":"Notre entreprise"}]},{"@type":"WebSite","@id":"https:\/\/www.cote-tuyaux.com\/#website","url":"https:\/\/www.cote-tuyaux.com\/","name":"C\u00f4t\u00e9 Tuyaux","description":"Un site utilisant WordPress","potentialAction":[{"@type":"SearchAction","target":{"@type":"EntryPoint","urlTemplate":"https:\/\/www.cote-tuyaux.com\/?s={search_term_string}"},"query-input":"required name=search_term_string"}],"inLanguage":"fr-FR"}]}},"_links":{"self":[{"href":"https:\/\/www.cote-tuyaux.com\/index.php?rest_route=\/wp\/v2\/pages\/77","targetHints":{"allow":["GET"]}}],"collection":[{"href":"https:\/\/www.cote-tuyaux.com\/index.php?rest_route=\/wp\/v2\/pages"}],"about":[{"href":"https:\/\/www.cote-tuyaux.com\/index.php?rest_route=\/wp\/v2\/types\/page"}],"author":[{"embeddable":true,"href":"https:\/\/www.cote-tuyaux.com\/index.php?rest_route=\/wp\/v2\/users\/1"}],"replies":[{"embeddable":true,"href":"https:\/\/www.cote-tuyaux.com\/index.php?rest_route=%2Fwp%2Fv2%2Fcomments&post=77"}],"version-history":[{"count":10,"href":"https:\/\/www.cote-tuyaux.com\/index.php?rest_route=\/wp\/v2\/pages\/77\/revisions"}],"predecessor-version":[{"id":183,"href":"https:\/\/www.cote-tuyaux.com\/index.php?rest_route=\/wp\/v2\/pages\/77\/revisions\/183"}],"wp:attachment":[{"href":"https:\/\/www.cote-tuyaux.com\/index.php?rest_route=%2Fwp%2Fv2%2Fmedia&parent=77"}],"curies":[{"name":"wp","href":"https:\/\/api.w.org\/{rel}","templated":true}]}}