{"id":127,"date":"2024-04-16T12:49:01","date_gmt":"2024-04-16T10:49:01","guid":{"rendered":"https:\/\/www.cote-tuyaux.com\/?page_id=127"},"modified":"2024-04-16T13:30:10","modified_gmt":"2024-04-16T11:30:10","slug":"la-climatisation","status":"publish","type":"page","link":"https:\/\/www.cote-tuyaux.com\/?page_id=127","title":{"rendered":"La climatisation"},"content":{"rendered":"\n<figure class=\"wp-block-image size-full\"><img loading=\"lazy\" decoding=\"async\" width=\"682\" height=\"207\" src=\"https:\/\/www.cote-tuyaux.com\/wp-content\/uploads\/2022\/08\/Logo-seul-21122021-3.png\" alt=\"cot\u00e9 tuyaux\" class=\"wp-image-59\" srcset=\"https:\/\/www.cote-tuyaux.com\/wp-content\/uploads\/2022\/08\/Logo-seul-21122021-3.png 682w, https:\/\/www.cote-tuyaux.com\/wp-content\/uploads\/2022\/08\/Logo-seul-21122021-3-300x91.png 300w\" sizes=\"auto, (max-width: 682px) 100vw, 682px\" \/><\/figure>\n\n\n\n<p class=\"has-large-font-size\"><strong>La climatisation r\u00e9versible<\/strong> :<\/p>\n\n\n\n<p>Pour pr\u00e9server, en \u00e9t\u00e9 comme en hiver, une temp\u00e9rature confortable tout en r\u00e9duisant la facture \u00e9nerg\u00e9tique, nous proposons des climatisations r\u00e9versibles de Mitsubishi Electric, dont nous sommes Home Partenaires.<\/p>\n\n\n\n<p class=\"has-large-font-size\"><strong>Vos services C\u00f4t\u00e9 Tuyaux :<\/strong><\/p>\n\n\n\n<p>&#8211; Visite, \u00e9tude et devis gratuits<br>&#8211; Installation et mise en service<br>&#8211; Garantie \u00e9tendue \u00e0 5 ans sur les produits Mitsubishi Electric<\/p>\n\n\n\n<p><\/p>\n\n\n\n<figure class=\"wp-block-image size-full\"><img loading=\"lazy\" decoding=\"async\" width=\"566\" height=\"521\" src=\"https:\/\/www.cote-tuyaux.com\/wp-content\/uploads\/2022\/08\/Mitsubishi733_mural-compact-Mitsubishi-Electric-scr-e1713264480678.jpg\" alt=\"\" class=\"wp-image-50\" srcset=\"https:\/\/www.cote-tuyaux.com\/wp-content\/uploads\/2022\/08\/Mitsubishi733_mural-compact-Mitsubishi-Electric-scr-e1713264480678.jpg 566w, https:\/\/www.cote-tuyaux.com\/wp-content\/uploads\/2022\/08\/Mitsubishi733_mural-compact-Mitsubishi-Electric-scr-e1713264480678-300x276.jpg 300w\" sizes=\"auto, (max-width: 566px) 100vw, 566px\" \/><\/figure>\n\n\n\n<figure class=\"wp-block-image size-full\"><img loading=\"lazy\" decoding=\"async\" width=\"316\" height=\"100\" src=\"https:\/\/www.cote-tuyaux.com\/wp-content\/uploads\/2022\/08\/logo-MiElHP-Cemafroid.png\" alt=\"\" class=\"wp-image-51\" srcset=\"https:\/\/www.cote-tuyaux.com\/wp-content\/uploads\/2022\/08\/logo-MiElHP-Cemafroid.png 316w, https:\/\/www.cote-tuyaux.com\/wp-content\/uploads\/2022\/08\/logo-MiElHP-Cemafroid-300x95.png 300w\" sizes=\"auto, (max-width: 316px) 100vw, 316px\" \/><\/figure>\n\n\n<nav class=\"is-responsive items-justified-center wp-block-navigation is-content-justification-center is-layout-flex wp-container-core-navigation-is-layout-a89b3969 wp-block-navigation-is-layout-flex\" aria-label=\"Navigation En-t\u00eate 3\" \n\t\t data-wp-interactive=\"core\/navigation\" data-wp-context='{\"overlayOpenedBy\":{\"click\":false,\"hover\":false,\"focus\":false},\"type\":\"overlay\",\"roleAttribute\":\"\",\"ariaLabel\":\"Menu\"}'><button aria-haspopup=\"dialog\" aria-label=\"Ouvrir le menu\" class=\"wp-block-navigation__responsive-container-open\" \n\t\t\t\tdata-wp-on--click=\"actions.openMenuOnClick\"\n\t\t\t\tdata-wp-on--keydown=\"actions.handleMenuKeydown\"\n\t\t\t><svg width=\"24\" height=\"24\" xmlns=\"http:\/\/www.w3.org\/2000\/svg\" viewBox=\"0 0 24 24\" aria-hidden=\"true\" focusable=\"false\"><path d=\"M4 7.5h16v1.5H4z\"><\/path><path d=\"M4 15h16v1.5H4z\"><\/path><\/svg><\/button>\n\t\t\t\t<div class=\"wp-block-navigation__responsive-container\"  id=\"modal-1\" \n\t\t\t\tdata-wp-class--has-modal-open=\"state.isMenuOpen\"\n\t\t\t\tdata-wp-class--is-menu-open=\"state.isMenuOpen\"\n\t\t\t\tdata-wp-watch=\"callbacks.initMenu\"\n\t\t\t\tdata-wp-on--keydown=\"actions.handleMenuKeydown\"\n\t\t\t\tdata-wp-on--focusout=\"actions.handleMenuFocusout\"\n\t\t\t\ttabindex=\"-1\"\n\t\t\t>\n\t\t\t\t\t<div class=\"wp-block-navigation__responsive-close\" tabindex=\"-1\">\n\t\t\t\t\t\t<div class=\"wp-block-navigation__responsive-dialog\" \n\t\t\t\tdata-wp-bind--aria-modal=\"state.ariaModal\"\n\t\t\t\tdata-wp-bind--aria-label=\"state.ariaLabel\"\n\t\t\t\tdata-wp-bind--role=\"state.roleAttribute\"\n\t\t\t>\n\t\t\t\t\t\t\t<button aria-label=\"Fermer le menu\" class=\"wp-block-navigation__responsive-container-close\" \n\t\t\t\tdata-wp-on--click=\"actions.closeMenuOnClick\"\n\t\t\t><svg xmlns=\"http:\/\/www.w3.org\/2000\/svg\" viewBox=\"0 0 24 24\" width=\"24\" height=\"24\" aria-hidden=\"true\" focusable=\"false\"><path d=\"m13.06 12 6.47-6.47-1.06-1.06L12 10.94 5.53 4.47 4.47 5.53 10.94 12l-6.47 6.47 1.06 1.06L12 13.06l6.47 6.47 1.06-1.06L13.06 12Z\"><\/path><\/svg><\/button>\n\t\t\t\t\t\t\t<div class=\"wp-block-navigation__responsive-container-content\" \n\t\t\t\tdata-wp-watch=\"callbacks.focusFirstElement\"\n\t\t\t id=\"modal-1-content\">\n\t\t\t\t\t\t\t\t<ul class=\"wp-block-navigation__container is-responsive items-justified-center wp-block-navigation\"><li class=\" wp-block-navigation-item wp-block-navigation-link\"><a class=\"wp-block-navigation-item__content\"  href=\"https:\/\/www.cote-tuyaux.com\/?page_id=77\"><span class=\"wp-block-navigation-item__label\">Notre entreprise<\/span><\/a><\/li><li class=\" wp-block-navigation-item wp-block-navigation-link\"><a class=\"wp-block-navigation-item__content\"  href=\"https:\/\/www.cote-tuyaux.com\/?page_id=120\"><span class=\"wp-block-navigation-item__label\">Le chauffage<\/span><\/a><\/li><li class=\" wp-block-navigation-item wp-block-navigation-link\"><a class=\"wp-block-navigation-item__content\"  href=\"https:\/\/www.cote-tuyaux.com\/?page_id=127\"><span class=\"wp-block-navigation-item__label\">La climatisation<\/span><\/a><\/li><li class=\" wp-block-navigation-item wp-block-navigation-link\"><a class=\"wp-block-navigation-item__content\"  href=\"https:\/\/www.cote-tuyaux.com\/?page_id=128\"><span class=\"wp-block-navigation-item__label\">Le photovolta\u00efque<\/span><\/a><\/li><li class=\" wp-block-navigation-item wp-block-navigation-link\"><a class=\"wp-block-navigation-item__content\"  href=\"https:\/\/www.cote-tuyaux.com\/?page_id=129\"><span class=\"wp-block-navigation-item__label\">La salle de bains<\/span><\/a><\/li><\/ul>\n\t\t\t\t\t\t\t<\/div>\n\t\t\t\t\t\t<\/div>\n\t\t\t\t\t<\/div>\n\t\t\t\t<\/div><\/nav>\n\n\n<p><\/p>\n","protected":false},"excerpt":{"rendered":"<p>La climatisation r\u00e9versible : Pour pr\u00e9server, en \u00e9t\u00e9 comme en hiver, une temp\u00e9rature confortable tout en r\u00e9duisant la facture \u00e9nerg\u00e9tique, nous proposons des climatisations r\u00e9versibles de Mitsubishi Electric, dont nous sommes Home Partenaires. Vos services C\u00f4t\u00e9 Tuyaux : &#8211; Visite, \u00e9tude et devis gratuits&#8211; Installation et mise en service&#8211; Garantie \u00e9tendue \u00e0 5 ans sur [&hellip;]<\/p>\n","protected":false},"author":1,"featured_media":0,"parent":0,"menu_order":0,"comment_status":"closed","ping_status":"closed","template":"","meta":{"footnotes":""},"class_list":["post-127","page","type-page","status-publish","hentry"],"yoast_head":"<!-- This site is optimized with the Yoast SEO plugin v20.2.1 - https:\/\/yoast.com\/wordpress\/plugins\/seo\/ -->\n<title>La climatisation - l&#039;artisan de votre confort<\/title>\n<meta name=\"robots\" content=\"index, follow, max-snippet:-1, max-image-preview:large, max-video-preview:-1\" \/>\n<link rel=\"canonical\" href=\"https:\/\/www.cote-tuyaux.com\/?page_id=127\" \/>\n<meta property=\"og:locale\" content=\"fr_FR\" \/>\n<meta property=\"og:type\" content=\"article\" \/>\n<meta property=\"og:title\" content=\"La climatisation - l&#039;artisan de votre confort\" \/>\n<meta property=\"og:description\" content=\"La climatisation r\u00e9versible : Pour pr\u00e9server, en \u00e9t\u00e9 comme en hiver, une temp\u00e9rature confortable tout en r\u00e9duisant la facture \u00e9nerg\u00e9tique, nous proposons des climatisations r\u00e9versibles de Mitsubishi Electric, dont nous sommes Home Partenaires. Vos services C\u00f4t\u00e9 Tuyaux : &#8211; Visite, \u00e9tude et devis gratuits&#8211; Installation et mise en service&#8211; Garantie \u00e9tendue \u00e0 5 ans sur [&hellip;]\" \/>\n<meta property=\"og:url\" content=\"https:\/\/www.cote-tuyaux.com\/?page_id=127\" \/>\n<meta property=\"og:site_name\" content=\"l&#039;artisan de votre confort\" \/>\n<meta property=\"article:modified_time\" content=\"2024-04-16T11:30:10+00:00\" \/>\n<meta property=\"og:image\" content=\"https:\/\/www.cote-tuyaux.com\/wp-content\/uploads\/2022\/08\/Logo-seul-21122021-3.png\" \/>\n<meta name=\"twitter:card\" content=\"summary_large_image\" \/>\n<meta name=\"twitter:label1\" content=\"Dur\u00e9e de lecture estim\u00e9e\" \/>\n\t<meta name=\"twitter:data1\" content=\"1 minute\" \/>\n<script type=\"application\/ld+json\" class=\"yoast-schema-graph\">{\"@context\":\"https:\/\/schema.org\",\"@graph\":[{\"@type\":\"WebPage\",\"@id\":\"https:\/\/www.cote-tuyaux.com\/?page_id=127\",\"url\":\"https:\/\/www.cote-tuyaux.com\/?page_id=127\",\"name\":\"La climatisation - l&#039;artisan de votre confort\",\"isPartOf\":{\"@id\":\"https:\/\/www.cote-tuyaux.com\/#website\"},\"datePublished\":\"2024-04-16T10:49:01+00:00\",\"dateModified\":\"2024-04-16T11:30:10+00:00\",\"breadcrumb\":{\"@id\":\"https:\/\/www.cote-tuyaux.com\/?page_id=127#breadcrumb\"},\"inLanguage\":\"fr-FR\",\"potentialAction\":[{\"@type\":\"ReadAction\",\"target\":[\"https:\/\/www.cote-tuyaux.com\/?page_id=127\"]}]},{\"@type\":\"BreadcrumbList\",\"@id\":\"https:\/\/www.cote-tuyaux.com\/?page_id=127#breadcrumb\",\"itemListElement\":[{\"@type\":\"ListItem\",\"position\":1,\"name\":\"Accueil\",\"item\":\"https:\/\/www.cote-tuyaux.com\/\"},{\"@type\":\"ListItem\",\"position\":2,\"name\":\"La climatisation\"}]},{\"@type\":\"WebSite\",\"@id\":\"https:\/\/www.cote-tuyaux.com\/#website\",\"url\":\"https:\/\/www.cote-tuyaux.com\/\",\"name\":\"C\u00f4t\u00e9 Tuyaux\",\"description\":\"Un site utilisant WordPress\",\"potentialAction\":[{\"@type\":\"SearchAction\",\"target\":{\"@type\":\"EntryPoint\",\"urlTemplate\":\"https:\/\/www.cote-tuyaux.com\/?s={search_term_string}\"},\"query-input\":\"required name=search_term_string\"}],\"inLanguage\":\"fr-FR\"}]}<\/script>\n<!-- \/ Yoast SEO plugin. -->","yoast_head_json":{"title":"La climatisation - l&#039;artisan de votre confort","robots":{"index":"index","follow":"follow","max-snippet":"max-snippet:-1","max-image-preview":"max-image-preview:large","max-video-preview":"max-video-preview:-1"},"canonical":"https:\/\/www.cote-tuyaux.com\/?page_id=127","og_locale":"fr_FR","og_type":"article","og_title":"La climatisation - l&#039;artisan de votre confort","og_description":"La climatisation r\u00e9versible : Pour pr\u00e9server, en \u00e9t\u00e9 comme en hiver, une temp\u00e9rature confortable tout en r\u00e9duisant la facture \u00e9nerg\u00e9tique, nous proposons des climatisations r\u00e9versibles de Mitsubishi Electric, dont nous sommes Home Partenaires. Vos services C\u00f4t\u00e9 Tuyaux : &#8211; Visite, \u00e9tude et devis gratuits&#8211; Installation et mise en service&#8211; Garantie \u00e9tendue \u00e0 5 ans sur [&hellip;]","og_url":"https:\/\/www.cote-tuyaux.com\/?page_id=127","og_site_name":"l&#039;artisan de votre confort","article_modified_time":"2024-04-16T11:30:10+00:00","og_image":[{"url":"https:\/\/www.cote-tuyaux.com\/wp-content\/uploads\/2022\/08\/Logo-seul-21122021-3.png"}],"twitter_card":"summary_large_image","twitter_misc":{"Dur\u00e9e de lecture estim\u00e9e":"1 minute"},"schema":{"@context":"https:\/\/schema.org","@graph":[{"@type":"WebPage","@id":"https:\/\/www.cote-tuyaux.com\/?page_id=127","url":"https:\/\/www.cote-tuyaux.com\/?page_id=127","name":"La climatisation - l&#039;artisan de votre confort","isPartOf":{"@id":"https:\/\/www.cote-tuyaux.com\/#website"},"datePublished":"2024-04-16T10:49:01+00:00","dateModified":"2024-04-16T11:30:10+00:00","breadcrumb":{"@id":"https:\/\/www.cote-tuyaux.com\/?page_id=127#breadcrumb"},"inLanguage":"fr-FR","potentialAction":[{"@type":"ReadAction","target":["https:\/\/www.cote-tuyaux.com\/?page_id=127"]}]},{"@type":"BreadcrumbList","@id":"https:\/\/www.cote-tuyaux.com\/?page_id=127#breadcrumb","itemListElement":[{"@type":"ListItem","position":1,"name":"Accueil","item":"https:\/\/www.cote-tuyaux.com\/"},{"@type":"ListItem","position":2,"name":"La climatisation"}]},{"@type":"WebSite","@id":"https:\/\/www.cote-tuyaux.com\/#website","url":"https:\/\/www.cote-tuyaux.com\/","name":"C\u00f4t\u00e9 Tuyaux","description":"Un site utilisant WordPress","potentialAction":[{"@type":"SearchAction","target":{"@type":"EntryPoint","urlTemplate":"https:\/\/www.cote-tuyaux.com\/?s={search_term_string}"},"query-input":"required name=search_term_string"}],"inLanguage":"fr-FR"}]}},"_links":{"self":[{"href":"https:\/\/www.cote-tuyaux.com\/index.php?rest_route=\/wp\/v2\/pages\/127","targetHints":{"allow":["GET"]}}],"collection":[{"href":"https:\/\/www.cote-tuyaux.com\/index.php?rest_route=\/wp\/v2\/pages"}],"about":[{"href":"https:\/\/www.cote-tuyaux.com\/index.php?rest_route=\/wp\/v2\/types\/page"}],"author":[{"embeddable":true,"href":"https:\/\/www.cote-tuyaux.com\/index.php?rest_route=\/wp\/v2\/users\/1"}],"replies":[{"embeddable":true,"href":"https:\/\/www.cote-tuyaux.com\/index.php?rest_route=%2Fwp%2Fv2%2Fcomments&post=127"}],"version-history":[{"count":6,"href":"https:\/\/www.cote-tuyaux.com\/index.php?rest_route=\/wp\/v2\/pages\/127\/revisions"}],"predecessor-version":[{"id":175,"href":"https:\/\/www.cote-tuyaux.com\/index.php?rest_route=\/wp\/v2\/pages\/127\/revisions\/175"}],"wp:attachment":[{"href":"https:\/\/www.cote-tuyaux.com\/index.php?rest_route=%2Fwp%2Fv2%2Fmedia&parent=127"}],"curies":[{"name":"wp","href":"https:\/\/api.w.org\/{rel}","templated":true}]}}